{"id":858,"date":"2017-07-28T11:56:02","date_gmt":"2017-07-28T11:56:02","guid":{"rendered":"http:\/\/appetito.mikado-themes.com\/?page_id=858"},"modified":"2023-05-25T07:31:25","modified_gmt":"2023-05-25T07:31:25","slug":"contacta","status":"publish","type":"page","link":"https:\/\/tanzaku.es\/sushi\/contacta\/","title":{"rendered":"Contacto"},"content":{"rendered":"<p>[vc_row row_content_width=\u00bbgrid\u00bb content_text_aligment=\u00bbleft\u00bb css=\u00bb.vc_custom_1505820128017{padding-top: 129px !important;padding-bottom: 25px !important;}\u00bb][vc_column offset=\u00bbvc_col-md-6&#8243;]<div class=\"mkd-elements-holder mkd-one-column mkd-responsive-mode-768\" ><div class=\"mkd-eh-item \"  data-item-class=\"mkd-eh-custom-776928\">\n\t<div class=\"mkd-eh-item-inner\">\n\t\t<div class=\"mkd-eh-item-content mkd-eh-custom-776928\" style=\"padding: 0px 5% 0px 0%\">\n\t\t\t<div class=\"mkd-section-title-holder  mkd-title-custom  mkd-st-text-position-left\" style=\"text-align: left\">\n        <div class=\"mkd-section-title-inner\">\n                    <h6 class=\"mkd-st-subtitle\" style=\"color: #979797\">\n                <span>\u00bfALGUNA DUDA O SUGERENCIA?<\/span>\n            <\/h6>\n                            <h2 class=\"mkd-st-title mkd-title-left\" style=\"color: #424242\">\n                <span>CONTACTA CON NOSOTROS<\/span>\n            <\/h2>\n                            <p class=\"mkd-st-text\" style=\"color: #808285\">Abrimos todos los d\u00edas excepto los martes y mi\u00e9rcoles de 20:00 a 23:00 h. Julio y Agosto abierto de domingo a jueves de 20:00 h. a 23:00 h. Viernes y s\u00e1bado cerrado.<\/p>\n            <\/div>\n<\/div>[vc_column_text]Disponemos tambi\u00e9n de reparto a domicilio en el mismo horario de apertura.[\/vc_column_text]\t\t<\/div>\n\t<\/div>\n<\/div><\/div>[vc_empty_space height=\u00bb21px\u00bb]<div class=\"mkd-iwt clearfix mkd-iwt-icon-left mkd-iwt-icon-medium\" style=\"background-image: url()\">\n\t<div class=\"mkd-iwt-icon\">\n\t\t\t\t\t\t\t\t\t    <span class=\"mkd-icon-shortcode mkd-normal mkd-icon-has-hover\"  data-hover-color=\"#88714d\" data-color=\"#808285\">\n                    <i class=\"mkd-icon-linea-icon icon-basic-smartphone mkd-icon-element\" style=\"color: #808285;font-size:18px\" ><\/i>            <\/span>\n\t\t\t\t\t\t<\/div>\n\t<div class=\"mkd-iwt-content\" >\n\t\t\t\t\t<h6 class=\"mkd-iwt-title\" style=\"color: #979797;margin-top: 6px\">\n\t\t\t\t\t\t\t\t<span class=\"mkd-iwt-title-text\">854 74 80 85 \u00b7 635 29 21 75<\/span>\n\t\t\t\t\t\t\t<\/h6>\n\t\t\t\t\t<\/div>\n<\/div>[vc_empty_space height=\u00bb12px\u00bb]<div class=\"mkd-iwt clearfix mkd-iwt-icon-left mkd-iwt-icon-medium\" style=\"background-image: url()\">\n\t<div class=\"mkd-iwt-icon\">\n\t\t\t\t\t\t\t\t\t    <span class=\"mkd-icon-shortcode mkd-normal mkd-icon-has-hover\"  data-hover-color=\"#88714d\" data-color=\"#808285\">\n                    <i class=\"mkd-icon-linea-icon icon-basic-geolocalize-01 mkd-icon-element\" style=\"color: #808285;font-size:18px\" ><\/i>            <\/span>\n\t\t\t\t\t\t<\/div>\n\t<div class=\"mkd-iwt-content\" >\n\t\t\t\t\t<h6 class=\"mkd-iwt-title\" style=\"color: #979797;margin-top: 6px\">\n\t\t\t\t\t\t\t\t<span class=\"mkd-iwt-title-text\">Fot\u00f3grafo Francisco Sousa Parrado, 6 - Local<\/span>\n\t\t\t\t\t\t\t<\/h6>\n\t\t\t\t\t<\/div>\n<\/div><div class=\"mkd-iwt clearfix mkd-iwt-icon-left mkd-iwt-icon-medium\" style=\"background-image: url()\">\n\t<div class=\"mkd-iwt-icon\">\n\t\t\t\t\t\t\t\t\t    <span class=\"mkd-icon-shortcode mkd-normal mkd-icon-has-hover\"  data-hover-color=\"#88714d\" data-color=\"#808285\">\n                    <i class=\"mkd-icon-linea-icon  mkd-icon-element\" style=\"color: #808285;font-size:18px\" ><\/i>            <\/span>\n\t\t\t\t\t\t<\/div>\n\t<div class=\"mkd-iwt-content\" style=\"padding-left: 32px\">\n\t\t\t\t\t<h6 class=\"mkd-iwt-title\" style=\"color: #979797;margin-top: 6px\">\n\t\t\t\t\t\t\t\t<span class=\"mkd-iwt-title-text\"> (Detr\u00e1s del Mercadona casas baratas)<\/span>\n\t\t\t\t\t\t\t<\/h6>\n\t\t\t\t\t<\/div>\n<\/div>[vc_empty_space height=\u00bb12px\u00bb]<div class=\"mkd-iwt clearfix mkd-iwt-icon-left mkd-iwt-icon-medium\" style=\"background-image: url()\">\n\t<div class=\"mkd-iwt-icon\">\n\t\t\t\t\t<a itemprop=\"url\" href=\"mailto:tanzakusushi@gmail.com\" target=\"_self\">\n\t\t\t\t\t\t\t\t\t    <span class=\"mkd-icon-shortcode mkd-normal mkd-icon-has-hover\"  data-hover-color=\"#88714d\" data-color=\"#808285\">\n                    <i class=\"mkd-icon-linea-icon icon-basic-message-multiple mkd-icon-element\" style=\"color: #808285;font-size:18px\" ><\/i>            <\/span>\n\t\t\t\t\t\t\t\t<\/a>\n\t\t\t<\/div>\n\t<div class=\"mkd-iwt-content\" >\n\t\t\t\t\t<h6 class=\"mkd-iwt-title\" style=\"color: #979797;margin-top: 6px\">\n\t\t\t\t\t\t\t\t\t<a itemprop=\"url\" href=\"mailto:tanzakusushi@gmail.com\" target=\"_self\">\n\t\t\t\t\t\t\t\t<span class=\"mkd-iwt-title-text\">tanzakusushi@gmail.com<\/span>\n\t\t\t\t\t\t\t\t\t<\/a>\n\t\t\t\t\t\t\t<\/h6>\n\t\t\t\t\t<\/div>\n<\/div>[vc_empty_space height=\u00bb12px\u00bb]<div class=\"mkd-iwt clearfix mkd-iwt-icon-left mkd-iwt-icon-medium\" style=\"background-image: url()\">\n\t<div class=\"mkd-iwt-icon\">\n\t\t\t\t\t<a itemprop=\"url\" href=\"https:\/\/www.facebook.com\/Tanzaku-173462383225242\/\" target=\"_self\">\n\t\t\t\t\t\t\t\t\t    <span class=\"mkd-icon-shortcode mkd-normal mkd-icon-has-hover\"  data-hover-color=\"#88714d\" data-color=\"#808285\">\n                    <span aria-hidden=\"true\" class=\"mkd-icon-font-elegant social_facebook mkd-icon-element\" style=\"color: #808285;font-size:18px\" ><\/span>            <\/span>\n\t\t\t\t\t\t\t\t<\/a>\n\t\t\t<\/div>\n\t<div class=\"mkd-iwt-content\" >\n\t\t\t\t\t<h6 class=\"mkd-iwt-title\" style=\"color: #979797;margin-top: 6px\">\n\t\t\t\t\t\t\t\t\t<a itemprop=\"url\" href=\"https:\/\/www.facebook.com\/Tanzaku-173462383225242\/\" target=\"_self\">\n\t\t\t\t\t\t\t\t<span class=\"mkd-iwt-title-text\">Tanzaku en Facebook<\/span>\n\t\t\t\t\t\t\t\t\t<\/a>\n\t\t\t\t\t\t\t<\/h6>\n\t\t\t\t\t<\/div>\n<\/div>[vc_empty_space height=\u00bb100px\u00bb][\/vc_column][vc_column offset=\u00bbvc_col-md-6&#8243;][vc_gmaps link=\u00bb#E-8_JTNDaWZyYW1lJTIwc3JjJTNEJTIyaHR0cHMlM0ElMkYlMkZ3d3cuZ29vZ2xlLmNvbSUyRm1hcHMlMkZlbWJlZCUzRnBiJTNEJTIxMW0xNCUyMTFtOCUyMTFtMyUyMTFkMTI3MTYuNDI1MzMxNzY4MTg5JTIxMmQtNS43NzY4MzclMjEzZDM3LjE3Mzk0MzklMjEzbTIlMjExaTEwMjQlMjEyaTc2OCUyMTRmMTMuMSUyMTNtMyUyMTFtMiUyMTFzMHgwJTI1M0EweDY0YzRiY2FiNzRiYWJhN2MlMjEyc1Rhbnpha3UlMjUyMFN1c2hpJTIxNWUwJTIxM20yJTIxMXNlcyUyMTJzZXMlMjE0djE2NTA1NTQwMDMwMzQlMjE1bTIlMjExc2VzJTIxMnNlcyUyMiUyMHdpZHRoJTNEJTIyNjAwJTIyJTIwaGVpZ2h0JTNEJTIyNDUwJTIyJTIwc3R5bGUlM0QlMjJib3JkZXIlM0EwJTNCJTIyJTIwYWxsb3dmdWxsc2NyZWVuJTNEJTIyJTIyJTIwbG9hZGluZyUzRCUyMmxhenklMjIlMjByZWZlcnJlcnBvbGljeSUzRCUyMm5vLXJlZmVycmVyLXdoZW4tZG93bmdyYWRlJTIyJTNFJTNDJTJGaWZyYW1lJTNF\u00bb][vc_empty_space height=\u00bb100px\u00bb][\/vc_column][\/vc_row]<\/p>\n","protected":false},"excerpt":{"rendered":"<p>[vc_row row_content_width=\u00bbgrid\u00bb content_text_aligment=\u00bbleft\u00bb css=\u00bb.vc_custom_1505820128017{padding-top: 129px !important;padding-bottom: 25px !important;}\u00bb][vc_column offset=\u00bbvc_col-md-6&#8243;][vc_empty_space height=\u00bb21px\u00bb][vc_empty_space height=\u00bb12px\u00bb][vc_empty_space height=\u00bb12px\u00bb][vc_empty_space height=\u00bb12px\u00bb][vc_empty_space height=\u00bb100px\u00bb][\/vc_column][vc_column offset=\u00bbvc_col-md-6&#8243;][vc_gmaps link=\u00bb#E-8_JTNDaWZyYW1lJTIwc3JjJTNEJTIyaHR0cHMlM0ElMkYlMkZ3d3cuZ29vZ2xlLmNvbSUyRm1hcHMlMkZlbWJlZCUzRnBiJTNEJTIxMW0xNCUyMTFtOCUyMTFtMyUyMTFkMTI3MTYuNDI1MzMxNzY4MTg5JTIxMmQtNS43NzY4MzclMjEzZDM3LjE3Mzk0MzklMjEzbTIlMjExaTEwMjQlMjEyaTc2OCUyMTRmMTMuMSUyMTNtMyUyMTFtMiUyMTFzMHgwJTI1M0EweDY0YzRiY2FiNzRiYWJhN2MlMjEyc1Rhbnpha3UlMjUyMFN1c2hpJTIxNWUwJTIxM20yJTIxMXNlcyUyMTJzZXMlMjE0djE2NTA1NTQwMDMwMzQlMjE1bTIlMjExc2VzJTIxMnNlcyUyMiUyMHdpZHRoJTNEJTIyNjAwJTIyJTIwaGVpZ2h0JTNEJTIyNDUwJTIyJTIwc3R5bGUlM0QlMjJib3JkZXIlM0EwJTNCJTIyJTIwYWxsb3dmdWxsc2NyZWVuJTNEJTIyJTIyJTIwbG9hZGluZyUzRCUyMmxhenklMjIlMjByZWZlcnJlcnBvbGljeSUzRCUyMm5vLXJlZmVycmVyLXdoZW4tZG93bmdyYWRlJTIyJTNFJTNDJTJGaWZyYW1lJTNF\u00bb][vc_empty_space height=\u00bb100px\u00bb][\/vc_column][\/vc_row]<\/p>\n","protected":false},"author":1,"featured_media":0,"parent":0,"menu_order":0,"comment_status":"closed","ping_status":"closed","template":"full-width.php","meta":{"footnotes":""},"class_list":["post-858","page","type-page","status-publish","hentry"],"_links":{"self":[{"href":"https:\/\/tanzaku.es\/sushi\/wp-json\/wp\/v2\/pages\/858","targetHints":{"allow":["GET"]}}],"collection":[{"href":"https:\/\/tanzaku.es\/sushi\/wp-json\/wp\/v2\/pages"}],"about":[{"href":"https:\/\/tanzaku.es\/sushi\/wp-json\/wp\/v2\/types\/page"}],"author":[{"embeddable":true,"href":"https:\/\/tanzaku.es\/sushi\/wp-json\/wp\/v2\/users\/1"}],"replies":[{"embeddable":true,"href":"https:\/\/tanzaku.es\/sushi\/wp-json\/wp\/v2\/comments?post=858"}],"version-history":[{"count":0,"href":"https:\/\/tanzaku.es\/sushi\/wp-json\/wp\/v2\/pages\/858\/revisions"}],"wp:attachment":[{"href":"https:\/\/tanzaku.es\/sushi\/wp-json\/wp\/v2\/media?parent=858"}],"curies":[{"name":"wp","href":"https:\/\/api.w.org\/{rel}","templated":true}]}}