{"id":9885,"date":"2018-01-11T17:59:11","date_gmt":"2018-01-11T17:59:11","guid":{"rendered":"http:\/\/tanzaku.es\/sushi\/?page_id=9885"},"modified":"2023-02-08T09:38:31","modified_gmt":"2023-02-08T09:38:31","slug":"terminos-y-condiciones","status":"publish","type":"page","link":"https:\/\/tanzaku.es\/sushi\/terminos-y-condiciones\/","title":{"rendered":"Terminos y condiciones"},"content":{"rendered":"<p><strong>CL\u00c1USULA INFORMATIVA PROTECCI\u00d3N DE DATOS DE CAR\u00c1CTER PERSONAL<\/strong><\/p>\n<p>En cumplimiento del Reglamento General de Protecci\u00f3n de Datos (UE) 2016\/679 del Parlamento Europeo y<br \/>\ndel Consejo de 27 de abril de 2016 y la Ley Org\u00e1nica 3\/2018 de 5 de diciembre de Protecci\u00f3n de Datos<br \/>\nPersonales y de garant\u00eda de los derechos digitales le informamos que los datos por Vd. proporcionados<br \/>\nser\u00e1n objeto de tratamiento por parte de NESTOR MANUEL MARIN OLIVA con CIF 48963440M, con domicilio<br \/>\nen CALLE FOTOGRAFO FRANCISCO SOUSA PARRADO N\u00ba 6 LOCAL , UTRERA (SEVILLA) CP 41710, con la<br \/>\nfinalidad de prestarle el servicio solicitado y\/o contratado, realizar la facturaci\u00f3n del mismo.<\/p>\n<p>La base legal para el tratamiento de sus datos es la ejecuci\u00f3n del servicio por usted contratado y\/o<br \/>\nsolicitado. La oferta prospectiva de productos y servicios est\u00e1 basada en el consentimiento que se le<br \/>\nsolicita, sin que en ning\u00fan caso la retirada de este consentimiento condicione la ejecuci\u00f3n del contrato.<br \/>\nLos datos proporcionados se conservar\u00e1n mientras se mantenga la relaci\u00f3n comercial o durante los a\u00f1os<br \/>\nnecesarios para cumplir con las obligaciones legales. Los datos no se ceder\u00e1n a terceros salvo en los casos<br \/>\nen que exista una obligaci\u00f3n legal.<\/p>\n<p>Usted tiene derecho a obtener confirmaci\u00f3n sobre si en NESTOR MANUEL MARIN OLIVA estamos tratando<br \/>\nsus datos personales y por tanto tiene derecho a ejercer sus derechos de acceso, rectificaci\u00f3n, limitaci\u00f3n<br \/>\ndel tratamiento, portabilidad, oposici\u00f3n al tratamiento y supresi\u00f3n de sus datos mediante escrito dirigido a<br \/>\nla direcci\u00f3n postal arriba mencionada o electr\u00f3nica tanzakusushi@gmail.com, adjuntando copia del DNI en<br \/>\nambos casos, as\u00ed como el derecho a presentar una reclamaci\u00f3n ante la Autoridad de Control (aepd.es)<\/p>\n<p><strong>POL\u00cdTICA DE PRIVACIDAD <\/strong><\/p>\n<p>La privacidad es de gran importancia para NESTOR MANUEL MARIN OLIVA y queremos mantener una actitud abierta y transparente al tratar<br \/>\nsus datos personales. Por lo tanto, disponemos de una pol\u00edtica que establece c\u00f3mo se tratan y protegen sus datos personales.<\/p>\n<p><strong>\u00bfQui\u00e9n es el responsable del tratamiento de sus datos?<\/strong><br \/>\nNESTOR MANUEL MARIN OLIVA | CIF: 48963440M | Dir.Postal: UTRERA (SEVILLA), C.P. 41710, CALLE FOTOGRAFO FRANCISCO SOUSA PARRADO<br \/>\nN\u00ba 6 LOCAL |<br \/>\nE-mail:tanzakusushi@gmail.com<\/p>\n<p><strong>\u00bfCon qu\u00e9 finalidad tratamos sus datos personales?<\/strong><\/p>\n<p>En NESTOR MANUEL MARIN OLIVA tratamos la informaci\u00f3n que nos facilitan las personas interesadas con el fin de realizar la gesti\u00f3n<br \/>\nadministrativa, contable y fiscal de los servicios solicitados, as\u00ed como enviar comunicaciones comerciales sobre nuestros productos y servicios,<br \/>\npara cuyo consentimiento usted haya prestado.<\/p>\n<p><strong>\u00bfPor cu\u00e1nto tiempo conservaremos sus datos?<\/strong><\/p>\n<p>Los datos se conservar\u00e1n mientras se mantenga la relaci\u00f3n comercial, y en su caso, durante los a\u00f1os necesarios para cumplir con las<br \/>\nobligaciones legales que resulte de aplicaci\u00f3n.<\/p>\n<p><strong>\u00bfCu\u00e1l es la legitimaci\u00f3n para el tratamiento de sus datos?<\/strong><\/p>\n<p>Le indicamos la base legal para el tratamiento de sus datos:<br \/>\n&#8211; Ejecuci\u00f3n de un contrato: Prestaci\u00f3n de los servicios solicitados<br \/>\n&#8211; Consentimiento del interesado: Env\u00edo de comunicaciones comerciales.<\/p>\n<p><strong>\u00bfA qu\u00e9 destinatarios se comunicar\u00e1n sus datos?<\/strong><\/p>\n<p>\u00danicamente se ceder\u00e1n sus datos a los terceros para los cuales hemos recabado debidamente su consentimiento, as\u00ed como para dar<br \/>\ncumplimiento a las obligaciones legales.<\/p>\n<p><strong>Transferencias de datos a terceros pa\u00edses<\/strong><\/p>\n<p>No est\u00e1n previstas transferencias de datos a terceros pa\u00edses.<\/p>\n<p><strong>\u00bfCu\u00e1les son sus derechos cuando nos facilita sus datos?<\/strong><\/p>\n<p>Cualquier persona tiene derecho a obtener confirmaci\u00f3n sobre si en NESTOR MANUEL MARIN OLIVA estamos tratando datos personales que les<br \/>\nconciernan, o no.<br \/>\nLas personas interesadas tienen derecho a acceder a sus datos personales, as\u00ed como a solicitar la rectificaci\u00f3n de los datos inexactos o, en su<br \/>\ncaso, solicitar su supresi\u00f3n cuando, entre otros motivos, los datos ya no sea necesarios para los fines que fueron recogidos.<br \/>\nEn determinadas circunstancias, los interesados podr\u00e1n solicitar la limitaci\u00f3n del tratamiento de sus datos, en cuyo caso \u00fanicamente los<br \/>\nconservaremos para el ejercicio o la defensa de reclamaciones.<br \/>\nEn determinadas circunstancias y por motivos relacionados con su situaci\u00f3n particular, los interesados podr\u00e1n oponerse al tratamiento de sus<br \/>\ndatos. En este caso, NESTOR MANUEL MARIN OLIVA dejar\u00e1 de tratar los datos, salvo por motivos leg\u00edtimos imperiosos, o el ejercicio o la<br \/>\ndefensa de posibles reclamaciones.<br \/>\nPodr\u00e1 ejercitar materialmente sus derechos de la siguiente forma: dirigi\u00e9ndose a la direcci\u00f3n de correo electr\u00f3nico del responsable del<br \/>\ntratamiento rese\u00f1ado anteriormente adjuntando copia de su DNI o documento de identidad.<br \/>\nSi ha otorgado su consentimiento para alguna finalidad concreta, tiene derecho a retirar el consentimiento otorgado en cualquier momento,<br \/>\nsin que ello afecte a la licitud del tratamiento basado en el consentimiento previo a su retirada.<br \/>\nEn caso de que sienta vulnerados sus derechos en lo concerniente a la protecci\u00f3n de sus datos personales, especialmente cuando no haya<br \/>\nobtenido satisfacci\u00f3n en el ejercicio de sus derechos, puede presentar una reclamaci\u00f3n ante la Autoridad de Control en materia de Protecci\u00f3n<br \/>\nde Datos competente a trav\u00e9s de su sitio web: <a href=\"http:\/\/HTTP:\/\/WWW.AEPD.ES\">WWW.AEPD.ES<\/a><\/p>\n<p><strong>\u00bfC\u00f3mo hemos obtenido sus datos?<\/strong><\/p>\n<p>Los datos personales que tratamos en NESTOR MANUEL MARIN OLIVA han sido directamente proporcionados por el interesado.<br \/>\nLas categor\u00edas de datos que se tratan son:<br \/>\n&#8211; Datos identificativos<br \/>\n&#8211; Direcciones postales y electr\u00f3nicas<br \/>\n&#8211; Informaci\u00f3n comercial<\/p>\n<p><strong>1. Introducci\u00f3n<\/strong><\/p>\n<p>Las presentes condiciones generales de uso de la p\u00e1gina web, regulan los t\u00e9rminos y condiciones de acceso y uso de www.tanzaku.es, propiedad de N\u00e9stor Mar\u00edn y con C\u00f3digo de Identificaci\u00f3n Fiscal n\u00famero 48963440M en adelante, \u00abla Empresa\u00bb, que el usuario del Portal deber\u00e1 de leer y aceptar para usar todos los servicios e informaci\u00f3n que se facilitan desde el portal.\u00a0El mero acceso y\/o utilizaci\u00f3n del portal, de todos o parte de sus contenidos y\/o servicios significa la plena aceptaci\u00f3n de las presentes condiciones generales de uso.<\/p>\n<p><strong>2. Condiciones de uso<\/strong><\/p>\n<p>Las presentes condiciones generales de uso del portal regulan el acceso y la utilizaci\u00f3n del portal, incluyendo los contenidos y los servicios puestos a disposici\u00f3n de los usuarios en y\/o a trav\u00e9s del portal, bien por el portal, bien por sus usuarios, bien por terceros. No obstante, el acceso y la utilizaci\u00f3n de ciertos contenidos y\/o servicios puede encontrarse sometido a determinadas condiciones espec\u00edficas.<\/p>\n<p><strong>3.\u00a0\u00a0 Modificaciones<\/strong><\/p>\n<p>La empresa se reserva la facultad de modificar en cualquier momento las condiciones generales de uso del portal. En todo caso, se recomienda que consulte peri\u00f3dicamente los presentes\u00a0t\u00e9rminos de uso del portal, ya que pueden ser modificados.<\/p>\n<p><strong>4. Obligaciones del Usuario<\/strong><\/p>\n<p>El usuario deber\u00e1 respetar en todo momento los t\u00e9rminos y condiciones establecidos en las presentes condiciones generales de uso del portal. De forma expresa el usuario manifiesta que utilizar\u00e1 el portal de forma diligente y asumiendo cualquier responsabilidad que pudiera derivarse del incumplimiento de las normas.<\/p>\n<p>As\u00ed mismo, el usuario no podr\u00e1 utilizar el portal para transmitir, almacenar, divulgar promover o distribuir datos o contenidos que sean portadores de virus o cualquier otro c\u00f3digo inform\u00e1tico, archivos o programas dise\u00f1ados para interrumpir, destruir o perjudicar el funcionamiento de cualquier programa o equipo inform\u00e1tico o de telecomunicaciones.<\/p>\n<p><strong>5. Responsabilidad del portal<\/strong><\/p>\n<p>El usuario conoce y acepta que el portal no otorga ninguna garant\u00eda de cualquier naturaleza, ya sea expresa o impl\u00edcita, sobre los datos, contenidos, informaci\u00f3n y servicios que se incorporan y ofrecen desde el Portal.<\/p>\n<p>Exceptuando los casos que la Ley imponga expresamente lo contrario, y exclusivamente con la medida y extensi\u00f3n en que lo imponga, el Portal no garantiza ni asume responsabilidad alguna respecto a los posibles da\u00f1os y perjuicios causados por el uso y utilizaci\u00f3n de la informaci\u00f3n, datos y servicios del Portal.<\/p>\n<p>En todo caso, el Portal excluye cualquier responsabilidad por los da\u00f1os y perjuicios que puedan deberse a la informaci\u00f3n y\/o servicios prestados o suministrados por terceros diferentes de la Empresa. Toda responsabilidad ser\u00e1 del tercero ya sea proveedor o\u00a0colaborador.<\/p>\n<p><strong>6. Propiedad intelectual e industrial<\/strong><\/p>\n<p>Todos los contenidos, marcas, logos, dibujos, documentaci\u00f3n, programas inform\u00e1ticos o cualquier otro elemento susceptible de protecci\u00f3n por la legislaci\u00f3n de propiedad intelectual o industrial, que sean accesibles en el portal corresponden exclusivamente a la empresa o a sus leg\u00edtimos titulares y quedan expresamente reservados todos los derechos sobre los mismos. Queda expresamente prohibida la creaci\u00f3n de enlaces de hipertexto (links) a cualquier elemento integrante de las p\u00e1ginas web del Portal sin la autorizaci\u00f3n de la empresa, siempre que no sean a una p\u00e1gina web del Portal que no requiera identificaci\u00f3n o autenticaci\u00f3n para su acceso, o el mismo est\u00e9 restringido.<\/p>\n<p>En cualquier caso, el portal se reserva todos los derechos sobre los contenidos, informaci\u00f3n datos y servicios que ostente sobre los mismos. El portal no concede ninguna licencia o autorizaci\u00f3n de uso al usuario sobre sus contenidos, datos o servicios, distinta de la que expresamente se detalle en las presentes condiciones generales de uso del portal.<\/p>\n<p><strong>7. Legislaci\u00f3n aplicable, jurisdicci\u00f3n competente y notificaciones<\/strong><\/p>\n<p>Las presentes condiciones se rigen y se interpretan de acuerdo con las Leyes de Espa\u00f1a. Para cualquier reclamaci\u00f3n ser\u00e1n competentes los juzgados y tribunales de Utrera, Sevilla. Todas las notificaciones, requerimientos, peticiones y otras comunicaciones que el Usuario desee efectuar a la Empresa titular del Portal deber\u00e1n realizarse por escrito y se entender\u00e1 que han sido correctamente realizadas cuando hayan sido recibidas en la siguiente direcci\u00f3n: Calle \u00c1lvarez Quintero, 15. Utrera, Sevilla.<\/p>\n<p>&nbsp;<\/p>\n<p>&nbsp;<\/p>\n","protected":false},"excerpt":{"rendered":"<p>CL\u00c1USULA INFORMATIVA PROTECCI\u00d3N DE DATOS DE CAR\u00c1CTER PERSONAL En cumplimiento del Reglamento General de Protecci\u00f3n de Datos (UE) 2016\/679 del Parlamento Europeo y del Consejo de 27 de abril de 2016 y la Ley Org\u00e1nica 3\/2018 de 5 de diciembre [&hellip;]<\/p>\n","protected":false},"author":1,"featured_media":0,"parent":0,"menu_order":0,"comment_status":"closed","ping_status":"closed","template":"","meta":{"footnotes":""},"class_list":["post-9885","page","type-page","status-publish","hentry"],"_links":{"self":[{"href":"https:\/\/tanzaku.es\/sushi\/wp-json\/wp\/v2\/pages\/9885","targetHints":{"allow":["GET"]}}],"collection":[{"href":"https:\/\/tanzaku.es\/sushi\/wp-json\/wp\/v2\/pages"}],"about":[{"href":"https:\/\/tanzaku.es\/sushi\/wp-json\/wp\/v2\/types\/page"}],"author":[{"embeddable":true,"href":"https:\/\/tanzaku.es\/sushi\/wp-json\/wp\/v2\/users\/1"}],"replies":[{"embeddable":true,"href":"https:\/\/tanzaku.es\/sushi\/wp-json\/wp\/v2\/comments?post=9885"}],"version-history":[{"count":0,"href":"https:\/\/tanzaku.es\/sushi\/wp-json\/wp\/v2\/pages\/9885\/revisions"}],"wp:attachment":[{"href":"https:\/\/tanzaku.es\/sushi\/wp-json\/wp\/v2\/media?parent=9885"}],"curies":[{"name":"wp","href":"https:\/\/api.w.org\/{rel}","templated":true}]}}